{"id":3746,"date":"2025-06-03T21:06:56","date_gmt":"2025-06-03T21:06:56","guid":{"rendered":"https:\/\/cartaverde.buzzvel.work\/noticias\/"},"modified":"2025-07-15T13:19:30","modified_gmt":"2025-07-15T13:19:30","slug":"news","status":"publish","type":"page","link":"https:\/\/cartaverde.buzzvel.work\/en\/news\/","title":{"rendered":"News"},"content":{"rendered":"\n            <div class=\"px-0  shadow-box rounded-[32px] mt-8 lg:mt-12\">\n            <div class=\"\">\n                <div class=\"flex flex-col-reverse lg:flex-row w-full rounded-[32px] px-0 overflow-hidden\">\n                    <div class=\"w-full lg:w-1\/2 px-4 lg:px-[64px] flex flex-col justify-center lg:justify-center lg:flex-1 py-10\">\n                        <div class=\"lg:mt-0\">\n                            <h2 class=\"my-0 font-bold h2 !mb-0\">\n                                News about the Correspondents                            <\/h2>\n                            <div class=\"mt-2 text-gray-500\">\n                                15\/05\/2025                            <\/div>\n                                                            <div class=\"mt-4 text-gray-700\">\n                                    <span>\n                                        No sistema de Carta Verde, a nomea\u00e7\u00e3o de correspondentes nos pa\u00edses estrangeiros \u00e9 uma faculdade que as Seguradoras t\u00eam e&#8230;                                    <\/span>\n                                <\/div>\n                                                    <\/div>\n                        <div>\n                            <a class=\"w-full flex text-center items-center justify-center no-underline  secondary_btn_1 lg:max-w-[264px] mt-8  secondary\" title=\"Ler Mais \" href=\"https:\/\/cartaverde.buzzvel.work\/en\/news-about-the-correspondents\/\" target=\"\">\n                                Ler Mais                            <\/a>\n                        <\/div>\n                    <\/div>\n                    <div class=\"h-[250px] lg:h-[350px] w-full lg:w-1\/2\">\n                                                    <img loading=\"lazy\" width=\"640\" height=\"960\" src=\"https:\/\/cartaverde.buzzvel.work\/wp-content\/uploads\/2023\/12\/pexels-fauxels-3184162-683x1024.jpg\" class=\"w-full h-full object-cover wp-post-image\" alt=\"\" decoding=\"async\" srcset=\"https:\/\/cartaverde.buzzvel.work\/wp-content\/uploads\/2023\/12\/pexels-fauxels-3184162-683x1024.jpg 683w, https:\/\/cartaverde.buzzvel.work\/wp-content\/uploads\/2023\/12\/pexels-fauxels-3184162-200x300.jpg 200w, https:\/\/cartaverde.buzzvel.work\/wp-content\/uploads\/2023\/12\/pexels-fauxels-3184162-768x1152.jpg 768w, https:\/\/cartaverde.buzzvel.work\/wp-content\/uploads\/2023\/12\/pexels-fauxels-3184162-1024x1536.jpg 1024w, https:\/\/cartaverde.buzzvel.work\/wp-content\/uploads\/2023\/12\/pexels-fauxels-3184162.jpg 1280w\" sizes=\"auto, (max-width: 640px) 100vw, 640px\" \/>                                            <\/div>\n                <\/div>\n            <\/div>\n        <\/div>\n    \n\n\n<p><\/p>\n","protected":false},"excerpt":{"rendered":"","protected":false},"author":1,"featured_media":0,"parent":0,"menu_order":0,"comment_status":"closed","ping_status":"closed","template":"","meta":{"footnotes":""},"class_list":["post-3746","page","type-page","status-publish","hentry"],"acf":[],"_links":{"self":[{"href":"https:\/\/cartaverde.buzzvel.work\/en\/wp-json\/wp\/v2\/pages\/3746","targetHints":{"allow":["GET"]}}],"collection":[{"href":"https:\/\/cartaverde.buzzvel.work\/en\/wp-json\/wp\/v2\/pages"}],"about":[{"href":"https:\/\/cartaverde.buzzvel.work\/en\/wp-json\/wp\/v2\/types\/page"}],"author":[{"embeddable":true,"href":"https:\/\/cartaverde.buzzvel.work\/en\/wp-json\/wp\/v2\/users\/1"}],"replies":[{"embeddable":true,"href":"https:\/\/cartaverde.buzzvel.work\/en\/wp-json\/wp\/v2\/comments?post=3746"}],"version-history":[{"count":2,"href":"https:\/\/cartaverde.buzzvel.work\/en\/wp-json\/wp\/v2\/pages\/3746\/revisions"}],"predecessor-version":[{"id":3748,"href":"https:\/\/cartaverde.buzzvel.work\/en\/wp-json\/wp\/v2\/pages\/3746\/revisions\/3748"}],"wp:attachment":[{"href":"https:\/\/cartaverde.buzzvel.work\/en\/wp-json\/wp\/v2\/media?parent=3746"}],"curies":[{"name":"wp","href":"https:\/\/api.w.org\/{rel}","templated":true}]}}