{"id":3755,"date":"2023-01-05T19:24:45","date_gmt":"2023-01-05T19:24:45","guid":{"rendered":"https:\/\/cartaverde.buzzvel.work\/perguntas-frequentes\/"},"modified":"2025-08-19T11:53:25","modified_gmt":"2025-08-19T11:53:25","slug":"faq","status":"publish","type":"page","link":"https:\/\/cartaverde.buzzvel.work\/en\/faq\/","title":{"rendered":"Perguntas Frequentes EN"},"content":{"rendered":"<div class=\"grid grid-cols-1 pt-8 pb-[38px] md:grid-cols-2 shadow-box rounded-[32px] mb-12 px-0 grid-base py-10 lg:py-0\">\n    <div class=\"flex items-center lg:items-center px-4 lg:pl-[64px] lg:py-[108px] lg:!pt-[132px] lg:-mt-5 block_default\">\n        <div class=\"max-w-[464px]\">\n            <h2 class=\"h2 font-bold leading-[120%]\" >FAQs<\/h2>        <\/div>\n\n    <\/div>\n\n    <div class=\"flex flex-col justify-center lg:justify-center px-4 pt-[15px] lg:!pr-8 lg:pl-2 lg:pt-[60px] lg:pb-[54px]\">\n        <div class=\"subtitle\">\n            <p>Se quiser conhecer mais a fundo o GPCV ou se precisa de informa\u00e7\u00e3o mais espec\u00edfica, consulte a nossa sec\u00e7\u00e3o de Perguntas Frequentes.<\/p>\n<p>As perguntas est\u00e3o organizadas por tema para facilitar a sua busca. Seleccione, abaixo, a \u00e1rea que lhe interessa e descubra a informa\u00e7\u00e3o que procura.<\/p>\n        <\/div>\n    <\/div>\n<\/div>\n\n\n<script>\n    function openFaq(element) {\n        element.classList.toggle(\"active\")\n    }\n<\/script>\n\n<section id=\"faq-component-container\" class=\"mt-12 shadow-box rounded-2xl px-4 py-10 grid-base mx-auto lg:pl-16 lg:pr-20 lg:pt-[32px] lg:pb-12 lg:rounded-[32px] block_default\">\n    <div>\n        <nav class=\"flex lg:flex-wrap lg:justify-center lg:grid-cols-3 gap-4 w-full overflow-x-scroll p-3 hide-scroll-bar lg:max-w-[600px] lg:mx-auto\">\n            <button class=\"filter-button active\" data-js=\"document-filter-reset-btn\">\n                Todos            <\/button>\n                            <button class=\"filter-button\" data-js=\"faq-btn\" data-js-document-list-filter-btns=\"55\">Circular forums outside Portugal<\/button>\n                    <\/nav>\n    <\/div>\n\n    <div class=\" px-4 lg:px-[94px]\">\n                    <div class=\"p-2 my-5 pt-10 lg:pt-[54px] !mt-0\" data-js-section-topic-id=\"55\" data-js-doc-section-id=\"55\" data-js-faq-section-id=\"55\">\n                <h3 class=\"font-bold text-center text-black\">\n                    Circular forums outside Portugal <span>(2)<\/span>\n                <\/h3>\n                <ul class=\"list-none cv-faq-container\">\n\n                                            <details onclick=\"openFaq(this)\" data-js-doc-list-section-id=\"0\" class=\"faq-shadow transition-all duration-500 overflow-hidden cursor-pointer faq_item_container\">\n                            <summary class=\"flex items-center justify-between  min-h-[70px]\">\n                                <div class=\"pr-6 py-2 \">\n                                    <div class=\"text-xl font-bold text-black\">A minha ap\u00f3lice tamb\u00e9m vigora com coberturas de Danos Pr\u00f3prios. Essas coberturas s\u00e3o v\u00e1lidas em todos os pa\u00edses n\u00e3o tra\u00e7ados na Carta Verde? EN <\/div>\n                                <\/div>\n                                <img decoding=\"async\" class=\"transition-all duration-500 transform -rotate-90 arrow-img\" src=\"https:\/\/cartaverde.buzzvel.work\/wp-content\/themes\/carta-verde\/assets\/img\/orange-arrow.svg\" \/>\n                            <\/summary>\n                            <div class=\"content w-11\/12 mb-6 text-sm text-grey-black\">\n                                <p>N\u00e3o. Uma coisa \u00e9 a cobertura obrigat\u00f3ria de responsabilidade civil e outra s\u00e3o as coberturas facultativas (Danos Pr\u00f3prios); o \u00e2mbito territorial de uma e outras n\u00e3o s\u00e3o coincidentes.<br \/>\nA Carta Verde apenas garante o risco de responsabilidade civil obrigat\u00f3rio e ela \u00e9 v\u00e1lida para todo e qualquer pa\u00eds cuja sigla n\u00e3o esteja tra\u00e7ada.<br \/>\nPara saber o \u00e2mbito territorial das coberturas de Danos Pr\u00f3prios consulte as condi\u00e7\u00f5es especiais e particulares do seu seguro ou contacte a sua seguradora ou o seu mediador.<\/p>\n                            <\/div>\n                        <\/details>\n                                            <details onclick=\"openFaq(this)\" data-js-doc-list-section-id=\"1\" class=\"faq-shadow transition-all duration-500 overflow-hidden cursor-pointer faq_item_container\">\n                            <summary class=\"flex items-center justify-between  min-h-[70px]\">\n                                <div class=\"pr-6 py-2 \">\n                                    <div class=\"text-xl font-bold text-black\">A Carta Verde tem de ser impressa em papel verde? EN <\/div>\n                                <\/div>\n                                <img decoding=\"async\" class=\"transition-all duration-500 transform -rotate-90 arrow-img\" src=\"https:\/\/cartaverde.buzzvel.work\/wp-content\/themes\/carta-verde\/assets\/img\/orange-arrow.svg\" \/>\n                            <\/summary>\n                            <div class=\"content w-11\/12 mb-6 text-sm text-grey-black\">\n                                <p>Em Portugal e desde 2021, a Carta Verde deixou de ser impressa em papel verde, pelo que, atualmente, o nome mais correto para designar este documento \u00e9 justamente Certificado Internacional de Seguro.<\/p>\n                            <\/div>\n                        <\/details>\n                                    <\/ul>\n                <div class=\"flex justify-center\">\n                    <button data-js-doc-list-button-id=\"55\" class=\"my-6 filter-button md:px-20\">\n                        Carregar mais                    <\/button>\n                <\/div>\n\n            <\/div>\n\n            <\/div>\n<\/section>\n\n<script>\n    document.addEventListener('DOMContentLoaded', () => {\n        faqSection.DocumentHeaderFilter().init();\n        faqSection.LoadMore().init();\n    })\n<\/script>","protected":false},"excerpt":{"rendered":"","protected":false},"author":1,"featured_media":0,"parent":0,"menu_order":0,"comment_status":"closed","ping_status":"closed","template":"","meta":{"footnotes":""},"class_list":["post-3755","page","type-page","status-publish","hentry"],"acf":[],"_links":{"self":[{"href":"https:\/\/cartaverde.buzzvel.work\/en\/wp-json\/wp\/v2\/pages\/3755","targetHints":{"allow":["GET"]}}],"collection":[{"href":"https:\/\/cartaverde.buzzvel.work\/en\/wp-json\/wp\/v2\/pages"}],"about":[{"href":"https:\/\/cartaverde.buzzvel.work\/en\/wp-json\/wp\/v2\/types\/page"}],"author":[{"embeddable":true,"href":"https:\/\/cartaverde.buzzvel.work\/en\/wp-json\/wp\/v2\/users\/1"}],"replies":[{"embeddable":true,"href":"https:\/\/cartaverde.buzzvel.work\/en\/wp-json\/wp\/v2\/comments?post=3755"}],"version-history":[{"count":4,"href":"https:\/\/cartaverde.buzzvel.work\/en\/wp-json\/wp\/v2\/pages\/3755\/revisions"}],"predecessor-version":[{"id":3766,"href":"https:\/\/cartaverde.buzzvel.work\/en\/wp-json\/wp\/v2\/pages\/3755\/revisions\/3766"}],"wp:attachment":[{"href":"https:\/\/cartaverde.buzzvel.work\/en\/wp-json\/wp\/v2\/media?parent=3755"}],"curies":[{"name":"wp","href":"https:\/\/api.w.org\/{rel}","templated":true}]}}