{"id":3784,"date":"2023-10-25T22:01:41","date_gmt":"2023-10-25T22:01:41","guid":{"rendered":"https:\/\/cartaverde.buzzvel.work\/sistema-de-protecao-de-visitantes\/"},"modified":"2025-09-02T12:49:32","modified_gmt":"2025-09-02T12:49:32","slug":"visitor-protection-system","status":"publish","type":"page","link":"https:\/\/cartaverde.buzzvel.work\/en\/visitor-protection-system\/","title":{"rendered":"Visitor Protection System"},"content":{"rendered":"<div class=\"grid grid-cols-1 pt-8 pb-[38px] md:grid-cols-2 shadow-box rounded-[32px] mb-12 px-0 grid-base py-10 lg:py-0\">\n    <div class=\"flex items-center lg:items-center px-4 lg:pl-[64px] lg:py-[108px] lg:!pt-[132px] lg:-mt-5 block_default\">\n        <div class=\"max-w-[464px]\">\n            <h2 class=\"h2 font-bold leading-[120%]\" >O que \u00e9 o Sistema de Prote\u00e7\u00e3o de Visitantes?<\/h2>        <\/div>\n\n    <\/div>\n\n    <div class=\"flex flex-col justify-center lg:justify-center px-4 pt-[15px] lg:!pr-8 lg:pl-2 lg:pt-[60px] lg:pb-[54px]\">\n        <div class=\"subtitle\">\n            <p>A par do Sistema de Carta Verde, existe o Sistema de Prote\u00e7\u00e3o dos Visitantes, mecanismo criado no \u00e2mbito da Uni\u00e3o Europeia, atrav\u00e9s das Diretivas do Seguro Autom\u00f3vel, para prote\u00e7\u00e3o das v\u00edtimas de acidentes rodovi\u00e1rios ocorridos no estrangeiro (fora do pa\u00eds de resid\u00eancia da v\u00edtima), mas limitado aos pa\u00edses do Espa\u00e7o Econ\u00f3mico Europeu, que abrange os 27 pa\u00edses da Uni\u00e3o Europeia e tamb\u00e9m a Noruega, o Liechtenstein e a Isl\u00e2ndia.<\/p>\n<p>Enquanto o Sistema de Carta Verde foi desenhado para prote\u00e7\u00e3o dos lesados de acidentes causados por ve\u00edculos estrangeiros no pa\u00eds de resid\u00eancia, j\u00e1 este Sistema de Prote\u00e7\u00e3o de Visitantes visa proteger a v\u00edtima de um acidente rodovi\u00e1rio noutro Estado membro diferente do pa\u00eds de resid\u00eancia, causados por ve\u00edculos locais.<\/p>\n<p>A principal vantagem que oferece \u00e9 a possibilidade de o visitante (v\u00edtima ou lesado) poder reclamar o sinistro e a compensa\u00e7\u00e3o pelos danos sofridos no seu pr\u00f3prio pa\u00eds e no seu idioma; e faz isso dirigindo-se aos Representantes para Sinistros.<\/p>\n<p>Todos as seguradoras que exploram o ramo de responsabilidade civil autom\u00f3vel devem nomear Representantes para Sinistros em todos os Estados Membros, a quem os lesados de acidentes no estrangeiro se possam dirigir para reclamar uma indemniza\u00e7\u00e3o quando regressam ao seu pa\u00eds de resid\u00eancia.<\/p>\n<p>Os Representantes para Sinistros disp\u00f5em de poderes para representar a Seguradora, satisfazer as indemniza\u00e7\u00f5es e examinar o caso no idioma do Estado Membro de resid\u00eancia do lesado.<\/p>\n<p>Pode pesquisar <a href=\"https:\/\/www.fga.asf.com.pt\/web\/site-fga\/servi%C3%A7os\/organismo-de-indemniza%C3%A7%C3%A3o\/pesquisa-representantes-seguradoras-estrangeiras\" target=\"_blank\" rel=\"noopener\">aqui<\/a> os Representantes para Sinistros de seguradoras estrangeiras (FGA\/ASF).<\/p>\n        <\/div>\n    <\/div>\n<\/div>\n\n\n<div class=\"grid-base shadow-box rounded-[32px] mt-8 lg:mt-12\">\n    <div class=\"max-w-[910px] mx-auto py-16\">\n        <div>\n            <h2 class=\"h2 font-bold \">Membros do Sistema de Prote\u00e7\u00e3o de Visitantes<\/h2>\n        <\/div>\n        <div class=\"mt-5 subtitle \">\n            <p style=\"text-align: left;\">Em Portugal, este sistema est\u00e1 regulado pelo Decreto-Lei n.\u00ba 291\/2007, de 21 de agosto, sob o T\u00edtulo III \u2013 Da Prote\u00e7\u00e3o em caso de acidente no estrangeiro (art.\u00ba 65.\u00ba e seguintes).<\/p>\n<p style=\"text-align: left;\">Os atores do sistema de Prote\u00e7\u00e3o de Visitantes funcionam sob a al\u00e7ada do Fundo de Garantia Autom\u00f3vel (<a href=\"https:\/\/www.fga.asf.com.pt\/home\" target=\"_blank\" rel=\"noopener\">Website FGA &#8211; ASF<\/a>), cuja gest\u00e3o \u00e9 assegurada pela Autoridade de Supervis\u00e3o de Seguros e Fundos de Pens\u00f5es (ASF). S\u00e3o eles:<\/p>\n<ul style=\"text-align: left;\">\n<li>Fundo de Garantia Autom\u00f3vel<\/li>\n<li>Organismo de Indemniza\u00e7\u00e3o<\/li>\n<li>Centro de Informa\u00e7\u00e3o<\/li>\n<\/ul>\n        <\/div>\n    <\/div>\n<\/div>\n\n\n\n<script>\n    function openFaq(element) {\n        element.classList.toggle(\"active\")\n    }\n<\/script>\n\n<div\n    class=\"grid grid-cols-1  grid-base shadow-box px-4 rounded-[32px] mt-8  pb-10 pt-8  lg:grid-cols-2 lg:px-[64px] lg:pr-[84px] lg:pb-[48px] lg:pt-12 lg:min-h-[500px] lg:mt-9\">\n    <div class=\"flex flex-col justify-start lg:pt-[75px]\">\n        <div class=\"block_default\">\n            <h2 class=\"h2 font-bold leading-[120%] lg:mt-11\" >Perguntas Frequentes<\/h2>        <\/div>\n        <div class=\"subtitle mt-2 lg:max-w-[454px] lg:mt-4\">\n            <p>Tem alguma d\u00favida?<\/p>\n<p><span style=\"font-weight: 400;\">N\u00f3s ajudamos.<\/span><\/p>\n        <\/div>\n\n        <div class=\"hidden mt-7 lg:block block_default lg:mt-5\">\n            \n<a id=\"\" class=\"w-full flex text-center items-center justify-center no-underline  secondary_btn_1 lg:max-w-[220px]  primary\" title=\"Ver mais  \"  href=\"\/perguntas-frequentes\/\" target=\"\" >Ver mais <\/a>\n        <\/div>\n    <\/div>\n\n    <div class=\"mt-[6px] lg:mt-0 lg:pr-0 lg:pl-[34px] block_default\">\n        <ul class=\"list-none bg-white pl-[15px] pr-[19px] lg:px-0\">\n                                <details onclick=\"openFaq(this)\"\n                        class=\"faq-shadow  transition-all duration-500 overflow-hidden cursor-pointer faq_item_container\">\n                        <summary class=\" flex items-center justify-between\">\n                            <div class=\"text-xl font-bold text-black pr-2 py-2 \">\n                                O terceiro estrangeiro fugiu e s\u00f3 tive tempo de anotar a matr\u00edcula. Como posso saber a sua Seguradora?                            <\/div>\n                            <img loading=\"lazy\" decoding=\"async\" alt=\"arrow\" width=\"20\" height=\"20\"\n                                class=\"w-4 transition-all duration-500 transform -rotate-90 arrow-img\"\n                                src=\"https:\/\/cartaverde.buzzvel.work\/wp-content\/themes\/carta-verde\/assets\/img\/orange-arrow.svg\" \/>\n                        <\/summary>\n\n                        <div class=\"w-11\/12 mt-[15px] mb-1 text-sm text-grey-black  lg:mt-[5px] lg:mb-5 lg:w-full\">\n                            Contacte o Centro de Informa\u00e7\u00e3o portugu\u00eas <a href=\"https:\/\/www.fga.asf.com.pt\/centro-de-informa%C3%A7%C3%A3o-pedidos\" target=\"_blank\" rel=\"noopener\">aqui<\/a>.\r\n\r\nSe o ve\u00edculo estrangeiro estiver matriculado num pa\u00eds n\u00e3o aderente ao Acordo sobre o Espa\u00e7o Econ\u00f3mico Europeu, contacte o <a href=\"\/contactos\/\">GPCV<\/a>.                        <\/div>\n                    <\/details>\n                                    <details onclick=\"openFaq(this)\"\n                        class=\"faq-shadow  transition-all duration-500 overflow-hidden cursor-pointer faq_item_container\">\n                        <summary class=\" flex items-center justify-between\">\n                            <div class=\"text-xl font-bold text-black pr-2 py-2 \">\n                                Quais s\u00e3o os capitais m\u00ednimos obrigat\u00f3rios nos diferentes pa\u00edses?                            <\/div>\n                            <img loading=\"lazy\" decoding=\"async\" alt=\"arrow\" width=\"20\" height=\"20\"\n                                class=\"w-4 transition-all duration-500 transform -rotate-90 arrow-img\"\n                                src=\"https:\/\/cartaverde.buzzvel.work\/wp-content\/themes\/carta-verde\/assets\/img\/orange-arrow.svg\" \/>\n                        <\/summary>\n\n                        <div class=\"w-11\/12 mt-[15px] mb-1 text-sm text-grey-black  lg:mt-[5px] lg:mb-5 lg:w-full\">\n                            Conhe\u00e7a <a href=\"https:\/\/www.cobx.org\/sites\/default\/files\/2023-06\/MinimumAmountOfCoverage-2023-05-22.pdf\" target=\"_blank\" rel=\"noopener\">aqui<\/a> o capital m\u00ednimo do seguro obrigat\u00f3rio de responsabilidade civil autom\u00f3vel dos diferentes pa\u00edses.                        <\/div>\n                    <\/details>\n                                    <details onclick=\"openFaq(this)\"\n                        class=\"faq-shadow  transition-all duration-500 overflow-hidden cursor-pointer faq_item_container\">\n                        <summary class=\" flex items-center justify-between\">\n                            <div class=\"text-xl font-bold text-black pr-2 py-2 \">\n                                A minha ap\u00f3lice vigora com o capital m\u00ednimo obrigat\u00f3rio em Portugal, mas tive um acidente no estrangeiro, onde n\u00e3o existe limite de capital para os danos corporais. Devo preocupar-me?                            <\/div>\n                            <img loading=\"lazy\" decoding=\"async\" alt=\"arrow\" width=\"20\" height=\"20\"\n                                class=\"w-4 transition-all duration-500 transform -rotate-90 arrow-img\"\n                                src=\"https:\/\/cartaverde.buzzvel.work\/wp-content\/themes\/carta-verde\/assets\/img\/orange-arrow.svg\" \/>\n                        <\/summary>\n\n                        <div class=\"w-11\/12 mt-[15px] mb-1 text-sm text-grey-black  lg:mt-[5px] lg:mb-5 lg:w-full\">\n                            N\u00e3o se preocupe. Sempre que se deslocar para o estrangeiro, o capital do seu seguro \u00e9, pelo menos, o m\u00ednimo obrigat\u00f3rio estabelecido na legisla\u00e7\u00e3o do pa\u00eds visitado, mesmo que a ap\u00f3lice garanta um capital inferior.\r\nSe o condutor de um ve\u00edculo coberto por um seguro autom\u00f3vel celebrado em Portugal, com a cobertura m\u00ednima obrigat\u00f3ria, provocar danos corporais em Fran\u00e7a (onde o capital \u00e9 ilimitado), cujo valor supere o capital do seu seguro, a Seguradora que subscreveu o risco ter\u00e1 de cobrir tais danos (em \u00faltima an\u00e1lise, ser\u00e1 o GPCV a faz\u00ea-lo, como garante \u00faltimo do sistema).                        <\/div>\n                    <\/details>\n                                    <details onclick=\"openFaq(this)\"\n                        class=\"faq-shadow  transition-all duration-500 overflow-hidden cursor-pointer faq_item_container\">\n                        <summary class=\" flex items-center justify-between\">\n                            <div class=\"text-xl font-bold text-black pr-2 py-2 \">\n                                Que diferen\u00e7a existe entre um correspondente e um representante para sinistros?                            <\/div>\n                            <img loading=\"lazy\" decoding=\"async\" alt=\"arrow\" width=\"20\" height=\"20\"\n                                class=\"w-4 transition-all duration-500 transform -rotate-90 arrow-img\"\n                                src=\"https:\/\/cartaverde.buzzvel.work\/wp-content\/themes\/carta-verde\/assets\/img\/orange-arrow.svg\" \/>\n                        <\/summary>\n\n                        <div class=\"w-11\/12 mt-[15px] mb-1 text-sm text-grey-black  lg:mt-[5px] lg:mb-5 lg:w-full\">\n                            As fun\u00e7\u00f5es s\u00e3o semelhantes, mas os correspondentes funcionam no \u00e2mbito do Sistema de Carta Verde e os representes para sinistros no \u00e2mbito do Sistema de Prote\u00e7\u00e3o de Visitantes.<br>\r\nN\u00e3o \u00e9 obrigat\u00f3rio nomear correspondentes (\u00e9 uma faculdade das seguradoras), mas \u00e9 obrigat\u00f3rio designar representantes para sinistros.<br>\r\nO \u00e2mbito \u00e9 igualmente diverso, pois o sistema de Carta Verde abrange seguradoras de 50 pa\u00edses e o Sistema de Prote\u00e7\u00e3o de Visitantes de apenas 30 (pa\u00edses membros do Espa\u00e7o Econ\u00f3mico Europeu).\r\n                        <\/div>\n                    <\/details>\n                                    <details onclick=\"openFaq(this)\"\n                        class=\"faq-shadow  transition-all duration-500 overflow-hidden cursor-pointer faq_item_container\">\n                        <summary class=\" flex items-center justify-between\">\n                            <div class=\"text-xl font-bold text-black pr-2 py-2 \">\n                                Tenho de afixar a vinheta do seguro no para-brisas do meu carro?                            <\/div>\n                            <img loading=\"lazy\" decoding=\"async\" alt=\"arrow\" width=\"20\" height=\"20\"\n                                class=\"w-4 transition-all duration-500 transform -rotate-90 arrow-img\"\n                                src=\"https:\/\/cartaverde.buzzvel.work\/wp-content\/themes\/carta-verde\/assets\/img\/orange-arrow.svg\" \/>\n                        <\/summary>\n\n                        <div class=\"w-11\/12 mt-[15px] mb-1 text-sm text-grey-black  lg:mt-[5px] lg:mb-5 lg:w-full\">\n                            Deixou de ser obrigat\u00f3rio afixar o d\u00edstico do seguro autom\u00f3vel no para-brisas do ve\u00edculo, desde o dia 11 de julho de 2023.                         <\/div>\n                    <\/details>\n                        <\/ul>\n        <div class=\"mt-8 lg:hidden\">\n            \n<a id=\"\" class=\"w-full flex text-center items-center justify-center no-underline  secondary_btn_1 lg:max-w-[220px]  secondary\" title=\"Ver mais  \"  href=\"\/perguntas-frequentes\/\" target=\"\" >Ver mais <\/a>\n        <\/div>\n    <\/div>\n\n<\/div>","protected":false},"excerpt":{"rendered":"","protected":false},"author":1,"featured_media":0,"parent":0,"menu_order":0,"comment_status":"closed","ping_status":"closed","template":"","meta":{"footnotes":""},"class_list":["post-3784","page","type-page","status-publish","hentry"],"acf":[],"_links":{"self":[{"href":"https:\/\/cartaverde.buzzvel.work\/en\/wp-json\/wp\/v2\/pages\/3784","targetHints":{"allow":["GET"]}}],"collection":[{"href":"https:\/\/cartaverde.buzzvel.work\/en\/wp-json\/wp\/v2\/pages"}],"about":[{"href":"https:\/\/cartaverde.buzzvel.work\/en\/wp-json\/wp\/v2\/types\/page"}],"author":[{"embeddable":true,"href":"https:\/\/cartaverde.buzzvel.work\/en\/wp-json\/wp\/v2\/users\/1"}],"replies":[{"embeddable":true,"href":"https:\/\/cartaverde.buzzvel.work\/en\/wp-json\/wp\/v2\/comments?post=3784"}],"version-history":[{"count":1,"href":"https:\/\/cartaverde.buzzvel.work\/en\/wp-json\/wp\/v2\/pages\/3784\/revisions"}],"predecessor-version":[{"id":3786,"href":"https:\/\/cartaverde.buzzvel.work\/en\/wp-json\/wp\/v2\/pages\/3784\/revisions\/3786"}],"wp:attachment":[{"href":"https:\/\/cartaverde.buzzvel.work\/en\/wp-json\/wp\/v2\/media?parent=3784"}],"curies":[{"name":"wp","href":"https:\/\/api.w.org\/{rel}","templated":true}]}}